{"id":4638,"date":"2024-04-24T14:20:09","date_gmt":"2024-04-24T12:20:09","guid":{"rendered":"https:\/\/emmanuellehegaret.com\/?post_type=product&#038;p=4638"},"modified":"2024-04-24T15:30:01","modified_gmt":"2024-04-24T13:30:01","slug":"tracks","status":"publish","type":"product","link":"https:\/\/emmanuellehegaret.com\/en\/product\/tracks\/","title":{"rendered":"TRACKS"},"content":{"rendered":"<p>Materials: wood: basswood \/ high resilience foam \/ cork beads \/ cowhide leather (origin France)<\/p>\n<p><strong>Price upon request<\/strong><\/p>\n<p>Possibility of custom tailoring: choice of leather and dimensions<\/p>\n<p>&nbsp;<\/p>\n<p><em>Emmanuelle HEGARET a pens\u00e9 son projet afin de r\u00e9v\u00e9ler la pluralit\u00e9 des aspects qu\u2019une seule et m\u00eame mati\u00e8re peut offrir ; \u00e0 travers le temps et \u00e0 travers l\u2019 usage. Le fil rouge de cette intention de travail est d&#8217; observer l\u2019 \u00e9volution al\u00e9atoire du cuir, d\u2019 admettre l\u2019 unit\u00e9 de la peau, mettre en valeur ses imperfections souvent \u00e9vinc\u00e9es qui deviennent alors riches de signes et de sens.<\/em><\/p>\n<p><em>Cette pi\u00e8ce hors normes impressionne tant par sa taille que par son design.<\/em><br \/>\n<em>L\u2019int\u00e9gralit\u00e9 d\u2019 une peau, l\u2019 utilisation de mousses de diff\u00e9rentes densit\u00e9s et une housse de billes permettent une modularit\u00e9 de formes. Son utilisation est variable : on peut s\u2019 y asseoir, s\u2019 y allonger, se retrouver&#8230;<\/em><\/p>\n<p><em>Un sanglage unique \u00e0 toute la structure et non fig\u00e9 permet \u00e0 un utilisateur d\u2019 intervenir sur l\u2019 ergonomie d\u2019 un autre.<\/em><\/p>\n<p><em>Cette technique de confection permet surtout de garder une empreinte, la trace d\u2019 un passage. Le cuir s\u2019 embellit d\u2019 une mani\u00e8re al\u00e9atoire et la peau devient d\u00e9positaire de fragments de vie.<\/em><\/p>\n<p><em>C\u2019 est vraiment cette influence des empreintes, qui se cr\u00e9ent de fa\u00e7on al\u00e9atoire, et qui influent sur l\u2019 \u00e9volution de la mati\u00e8re qu\u2019Emmanuelle HEGARET a souhait\u00e9 traduire. La designer est tr\u00e8s attach\u00e9e \u00e0 la pi\u00e8ce unique, n\u00e9e de l\u2019 artisanat, loin de l\u2019 objet de s\u00e9rie. Elle int\u00e8gre toujours la sensibilit\u00e9 du consommateur et de la mati\u00e8re.<\/em><\/p>\n<p><em>A la sortie de l\u2019 atelier, personne ne pourra pr\u00e9dire son \u00e9volution au fil du temps et des usages. La peau va se r\u00e9v\u00e9ler d\u2019 une mani\u00e8re singuli\u00e8re. Canap\u00e9 lit, m\u00e9ridienne, pouf, banc, l\u2019 utilisateur peut \u00e0 loisir r\u00e9interpr\u00e9ter cette pi\u00e8ce de mobilier, qui se veut volontairement libre de tout carcan.<\/em><\/p>","protected":false},"excerpt":{"rendered":"<p><strong>Dimensions<\/strong><\/p>\n<div>\n<div>200 cm x 200 cm<\/div>\n<\/div>\n<p>&nbsp;<\/p>","protected":false},"featured_media":3404,"template":"","meta":{"inline_featured_image":false},"product_cat":[29],"product_tag":[44],"class_list":{"0":"post-4638","1":"product","2":"type-product","3":"status-publish","4":"has-post-thumbnail","6":"product_cat-creation","7":"product_tag-tous-les-produits","9":"first","10":"instock","11":"shipping-taxable","12":"product-type-simple"},"yoast_head":"<!-- This site is optimized with the Yoast SEO plugin v22.6 - https:\/\/yoast.com\/wordpress\/plugins\/seo\/ -->\n<title>TRACKS - Emmanuelle Hegaret<\/title>\n<meta name=\"robots\" content=\"index, follow, max-snippet:-1, max-image-preview:large, max-video-preview:-1\" \/>\n<link rel=\"canonical\" href=\"https:\/\/emmanuellehegaret.com\/en\/product\/tracks\/\" \/>\n<meta property=\"og:locale\" content=\"en_US\" \/>\n<meta property=\"og:type\" content=\"article\" \/>\n<meta property=\"og:title\" content=\"TRACKS - Emmanuelle Hegaret\" \/>\n<meta property=\"og:description\" content=\"Dimensions  200 cm x 200 cm  &nbsp;\" \/>\n<meta property=\"og:url\" content=\"https:\/\/emmanuellehegaret.com\/en\/product\/tracks\/\" \/>\n<meta property=\"og:site_name\" content=\"Emmanuelle Hegaret\" \/>\n<meta property=\"article:modified_time\" content=\"2024-04-24T13:30:01+00:00\" \/>\n<meta property=\"og:image\" content=\"https:\/\/emmanuellehegaret.com\/wp-content\/uploads\/2024\/02\/5.jpg\" \/>\n\t<meta property=\"og:image:width\" content=\"1500\" \/>\n\t<meta property=\"og:image:height\" content=\"851\" \/>\n\t<meta property=\"og:image:type\" content=\"image\/jpeg\" \/>\n<meta name=\"twitter:card\" content=\"summary_large_image\" \/>\n<meta name=\"twitter:label1\" content=\"Est. reading time\" \/>\n\t<meta name=\"twitter:data1\" content=\"2 minutes\" \/>\n<script type=\"application\/ld+json\" class=\"yoast-schema-graph\">{\"@context\":\"https:\/\/schema.org\",\"@graph\":[{\"@type\":\"WebPage\",\"@id\":\"https:\/\/emmanuellehegaret.com\/produit\/tracks\/\",\"url\":\"https:\/\/emmanuellehegaret.com\/produit\/tracks\/\",\"name\":\"TRACKS - Emmanuelle Hegaret\",\"isPartOf\":{\"@id\":\"https:\/\/emmanuellehegaret.com\/#website\"},\"primaryImageOfPage\":{\"@id\":\"https:\/\/emmanuellehegaret.com\/produit\/tracks\/#primaryimage\"},\"image\":{\"@id\":\"https:\/\/emmanuellehegaret.com\/produit\/tracks\/#primaryimage\"},\"thumbnailUrl\":\"https:\/\/emmanuellehegaret.com\/wp-content\/uploads\/2024\/02\/5.jpg\",\"datePublished\":\"2024-04-24T12:20:09+00:00\",\"dateModified\":\"2024-04-24T13:30:01+00:00\",\"breadcrumb\":{\"@id\":\"https:\/\/emmanuellehegaret.com\/produit\/tracks\/#breadcrumb\"},\"inLanguage\":\"en-US\",\"potentialAction\":[{\"@type\":\"ReadAction\",\"target\":[\"https:\/\/emmanuellehegaret.com\/produit\/tracks\/\"]}]},{\"@type\":\"ImageObject\",\"inLanguage\":\"en-US\",\"@id\":\"https:\/\/emmanuellehegaret.com\/produit\/tracks\/#primaryimage\",\"url\":\"https:\/\/emmanuellehegaret.com\/wp-content\/uploads\/2024\/02\/5.jpg\",\"contentUrl\":\"https:\/\/emmanuellehegaret.com\/wp-content\/uploads\/2024\/02\/5.jpg\",\"width\":1500,\"height\":851},{\"@type\":\"BreadcrumbList\",\"@id\":\"https:\/\/emmanuellehegaret.com\/produit\/tracks\/#breadcrumb\",\"itemListElement\":[{\"@type\":\"ListItem\",\"position\":1,\"name\":\"Accueil\",\"item\":\"https:\/\/emmanuellehegaret.com\/\"},{\"@type\":\"ListItem\",\"position\":2,\"name\":\"Boutique\",\"item\":\"https:\/\/emmanuellehegaret.com\/boutique\/\"},{\"@type\":\"ListItem\",\"position\":3,\"name\":\"TRACKS\"}]},{\"@type\":\"WebSite\",\"@id\":\"https:\/\/emmanuellehegaret.com\/#website\",\"url\":\"https:\/\/emmanuellehegaret.com\/\",\"name\":\"Emmanuelle Hegaret\",\"description\":\"Artisan - Cr\u00e9ateur\",\"publisher\":{\"@id\":\"https:\/\/emmanuellehegaret.com\/#organization\"},\"potentialAction\":[{\"@type\":\"SearchAction\",\"target\":{\"@type\":\"EntryPoint\",\"urlTemplate\":\"https:\/\/emmanuellehegaret.com\/?s={search_term_string}\"},\"query-input\":\"required name=search_term_string\"}],\"inLanguage\":\"en-US\"},{\"@type\":\"Organization\",\"@id\":\"https:\/\/emmanuellehegaret.com\/#organization\",\"name\":\"Emmanuelle Hegaret\",\"url\":\"https:\/\/emmanuellehegaret.com\/\",\"logo\":{\"@type\":\"ImageObject\",\"inLanguage\":\"en-US\",\"@id\":\"https:\/\/emmanuellehegaret.com\/#\/schema\/logo\/image\/\",\"url\":\"https:\/\/emmanuellehegaret.com\/wp-content\/uploads\/2023\/06\/logo-emmanuelle-hegaret@2x.png\",\"contentUrl\":\"https:\/\/emmanuellehegaret.com\/wp-content\/uploads\/2023\/06\/logo-emmanuelle-hegaret@2x.png\",\"width\":706,\"height\":439,\"caption\":\"Emmanuelle Hegaret\"},\"image\":{\"@id\":\"https:\/\/emmanuellehegaret.com\/#\/schema\/logo\/image\/\"}}]}<\/script>\n<!-- \/ Yoast SEO plugin. -->","yoast_head_json":{"title":"TRACKS - Emmanuelle Hegaret","robots":{"index":"index","follow":"follow","max-snippet":"max-snippet:-1","max-image-preview":"max-image-preview:large","max-video-preview":"max-video-preview:-1"},"canonical":"https:\/\/emmanuellehegaret.com\/en\/product\/tracks\/","og_locale":"en_US","og_type":"article","og_title":"TRACKS - Emmanuelle Hegaret","og_description":"Dimensions  200 cm x 200 cm  &nbsp;","og_url":"https:\/\/emmanuellehegaret.com\/en\/product\/tracks\/","og_site_name":"Emmanuelle Hegaret","article_modified_time":"2024-04-24T13:30:01+00:00","og_image":[{"width":1500,"height":851,"url":"https:\/\/emmanuellehegaret.com\/wp-content\/uploads\/2024\/02\/5.jpg","type":"image\/jpeg"}],"twitter_card":"summary_large_image","twitter_misc":{"Est. reading time":"2 minutes"},"schema":{"@context":"https:\/\/schema.org","@graph":[{"@type":"WebPage","@id":"https:\/\/emmanuellehegaret.com\/produit\/tracks\/","url":"https:\/\/emmanuellehegaret.com\/produit\/tracks\/","name":"TRACKS - Emmanuelle Hegaret","isPartOf":{"@id":"https:\/\/emmanuellehegaret.com\/#website"},"primaryImageOfPage":{"@id":"https:\/\/emmanuellehegaret.com\/produit\/tracks\/#primaryimage"},"image":{"@id":"https:\/\/emmanuellehegaret.com\/produit\/tracks\/#primaryimage"},"thumbnailUrl":"https:\/\/emmanuellehegaret.com\/wp-content\/uploads\/2024\/02\/5.jpg","datePublished":"2024-04-24T12:20:09+00:00","dateModified":"2024-04-24T13:30:01+00:00","breadcrumb":{"@id":"https:\/\/emmanuellehegaret.com\/produit\/tracks\/#breadcrumb"},"inLanguage":"en-US","potentialAction":[{"@type":"ReadAction","target":["https:\/\/emmanuellehegaret.com\/produit\/tracks\/"]}]},{"@type":"ImageObject","inLanguage":"en-US","@id":"https:\/\/emmanuellehegaret.com\/produit\/tracks\/#primaryimage","url":"https:\/\/emmanuellehegaret.com\/wp-content\/uploads\/2024\/02\/5.jpg","contentUrl":"https:\/\/emmanuellehegaret.com\/wp-content\/uploads\/2024\/02\/5.jpg","width":1500,"height":851},{"@type":"BreadcrumbList","@id":"https:\/\/emmanuellehegaret.com\/produit\/tracks\/#breadcrumb","itemListElement":[{"@type":"ListItem","position":1,"name":"Accueil","item":"https:\/\/emmanuellehegaret.com\/"},{"@type":"ListItem","position":2,"name":"Boutique","item":"https:\/\/emmanuellehegaret.com\/boutique\/"},{"@type":"ListItem","position":3,"name":"TRACKS"}]},{"@type":"WebSite","@id":"https:\/\/emmanuellehegaret.com\/#website","url":"https:\/\/emmanuellehegaret.com\/","name":"Emmanuelle Hegaret","description":"Artisan - Cr\u00e9ateur","publisher":{"@id":"https:\/\/emmanuellehegaret.com\/#organization"},"potentialAction":[{"@type":"SearchAction","target":{"@type":"EntryPoint","urlTemplate":"https:\/\/emmanuellehegaret.com\/?s={search_term_string}"},"query-input":"required name=search_term_string"}],"inLanguage":"en-US"},{"@type":"Organization","@id":"https:\/\/emmanuellehegaret.com\/#organization","name":"Emmanuelle Hegaret","url":"https:\/\/emmanuellehegaret.com\/","logo":{"@type":"ImageObject","inLanguage":"en-US","@id":"https:\/\/emmanuellehegaret.com\/#\/schema\/logo\/image\/","url":"https:\/\/emmanuellehegaret.com\/wp-content\/uploads\/2023\/06\/logo-emmanuelle-hegaret@2x.png","contentUrl":"https:\/\/emmanuellehegaret.com\/wp-content\/uploads\/2023\/06\/logo-emmanuelle-hegaret@2x.png","width":706,"height":439,"caption":"Emmanuelle Hegaret"},"image":{"@id":"https:\/\/emmanuellehegaret.com\/#\/schema\/logo\/image\/"}}]}},"_links":{"self":[{"href":"https:\/\/emmanuellehegaret.com\/en\/wp-json\/wp\/v2\/product\/4638","targetHints":{"allow":["GET"]}}],"collection":[{"href":"https:\/\/emmanuellehegaret.com\/en\/wp-json\/wp\/v2\/product"}],"about":[{"href":"https:\/\/emmanuellehegaret.com\/en\/wp-json\/wp\/v2\/types\/product"}],"wp:featuredmedia":[{"embeddable":true,"href":"https:\/\/emmanuellehegaret.com\/en\/wp-json\/wp\/v2\/media\/3404"}],"wp:attachment":[{"href":"https:\/\/emmanuellehegaret.com\/en\/wp-json\/wp\/v2\/media?parent=4638"}],"wp:term":[{"taxonomy":"product_cat","embeddable":true,"href":"https:\/\/emmanuellehegaret.com\/en\/wp-json\/wp\/v2\/product_cat?post=4638"},{"taxonomy":"product_tag","embeddable":true,"href":"https:\/\/emmanuellehegaret.com\/en\/wp-json\/wp\/v2\/product_tag?post=4638"}],"curies":[{"name":"wp","href":"https:\/\/api.w.org\/{rel}","templated":true}]}}