{"id":984,"date":"2023-07-28T10:32:08","date_gmt":"2023-07-28T08:32:08","guid":{"rendered":"https:\/\/emmanuelle.littlebigchoses.com\/?post_type=product&#038;p=984"},"modified":"2025-11-25T12:16:47","modified_gmt":"2025-11-25T11:16:47","slug":"poufs","status":"publish","type":"product","link":"https:\/\/emmanuellehegaret.com\/en\/product\/poufs\/","title":{"rendered":"Poufs"},"content":{"rendered":"<p>Ces 4 poufs ont \u00e9t\u00e9 enti\u00e8rement restaur\u00e9s par l\u2019atelier. Ils sont recouverts d\u2019une laine de mouton rose et kaki de la peausserie fran\u00e7aise Sabatier.<\/p>\n<p>Chaque dessous de pouf est recouvert d\u2019un tissu diff\u00e9rent pos\u00e9 \u00e0 la semence (pas d\u2019agrafes apparentes).<\/p>","protected":false},"excerpt":{"rendered":"<p><strong>Dimensions<\/strong><\/p>\n<p>diameter: 35 cm<\/p>\n<p>height: 45cm<\/p>\n<p>Restaur\u00e9s \u00e0 l\u2019atelier<\/p>\n<p>Shipping in a custom woodbox<\/p>","protected":false},"featured_media":2311,"template":"","meta":{"inline_featured_image":false},"product_cat":[30],"product_tag":[44],"class_list":{"0":"post-984","1":"product","2":"type-product","3":"status-publish","4":"has-post-thumbnail","6":"product_cat-restauration","7":"product_tag-tous-les-produits","9":"first","10":"instock","11":"shipping-taxable","12":"purchasable","13":"product-type-simple"},"yoast_head":"<!-- This site is optimized with the Yoast SEO plugin v22.6 - https:\/\/yoast.com\/wordpress\/plugins\/seo\/ -->\n<title>Poufs - Emmanuelle Hegaret<\/title>\n<meta name=\"robots\" content=\"index, follow, max-snippet:-1, max-image-preview:large, max-video-preview:-1\" \/>\n<link rel=\"canonical\" href=\"https:\/\/emmanuellehegaret.com\/en\/product\/poufs\/\" \/>\n<meta property=\"og:locale\" content=\"en_US\" \/>\n<meta property=\"og:type\" content=\"article\" \/>\n<meta property=\"og:title\" content=\"Poufs - Emmanuelle Hegaret\" \/>\n<meta property=\"og:description\" content=\"Dimensions  diam\u00e8tre : 35 cm  hauteur : 45 cm  Restaur\u00e9s \u00e0 l\u2019atelier  Exp\u00e9dition dans une caisse en bois sur mesure.\" \/>\n<meta property=\"og:url\" content=\"https:\/\/emmanuellehegaret.com\/en\/product\/poufs\/\" \/>\n<meta property=\"og:site_name\" content=\"Emmanuelle Hegaret\" \/>\n<meta property=\"article:modified_time\" content=\"2025-11-25T11:16:47+00:00\" \/>\n<meta property=\"og:image\" content=\"https:\/\/emmanuellehegaret.com\/wp-content\/uploads\/2023\/07\/poufs-11.jpg\" \/>\n\t<meta property=\"og:image:width\" content=\"1980\" \/>\n\t<meta property=\"og:image:height\" content=\"1320\" \/>\n\t<meta property=\"og:image:type\" content=\"image\/jpeg\" \/>\n<meta name=\"twitter:card\" content=\"summary_large_image\" \/>\n<meta name=\"twitter:label1\" content=\"Est. reading time\" \/>\n\t<meta name=\"twitter:data1\" content=\"1 minute\" \/>\n<script type=\"application\/ld+json\" class=\"yoast-schema-graph\">{\"@context\":\"https:\/\/schema.org\",\"@graph\":[{\"@type\":\"WebPage\",\"@id\":\"https:\/\/emmanuellehegaret.com\/produit\/poufs\/\",\"url\":\"https:\/\/emmanuellehegaret.com\/produit\/poufs\/\",\"name\":\"Poufs - Emmanuelle Hegaret\",\"isPartOf\":{\"@id\":\"https:\/\/emmanuellehegaret.com\/#website\"},\"primaryImageOfPage\":{\"@id\":\"https:\/\/emmanuellehegaret.com\/produit\/poufs\/#primaryimage\"},\"image\":{\"@id\":\"https:\/\/emmanuellehegaret.com\/produit\/poufs\/#primaryimage\"},\"thumbnailUrl\":\"https:\/\/emmanuellehegaret.com\/wp-content\/uploads\/2023\/07\/poufs-11.jpg\",\"datePublished\":\"2023-07-28T08:32:08+00:00\",\"dateModified\":\"2025-11-25T11:16:47+00:00\",\"breadcrumb\":{\"@id\":\"https:\/\/emmanuellehegaret.com\/produit\/poufs\/#breadcrumb\"},\"inLanguage\":\"en-US\",\"potentialAction\":[{\"@type\":\"ReadAction\",\"target\":[\"https:\/\/emmanuellehegaret.com\/produit\/poufs\/\"]}]},{\"@type\":\"ImageObject\",\"inLanguage\":\"en-US\",\"@id\":\"https:\/\/emmanuellehegaret.com\/produit\/poufs\/#primaryimage\",\"url\":\"https:\/\/emmanuellehegaret.com\/wp-content\/uploads\/2023\/07\/poufs-11.jpg\",\"contentUrl\":\"https:\/\/emmanuellehegaret.com\/wp-content\/uploads\/2023\/07\/poufs-11.jpg\",\"width\":1980,\"height\":1320},{\"@type\":\"BreadcrumbList\",\"@id\":\"https:\/\/emmanuellehegaret.com\/produit\/poufs\/#breadcrumb\",\"itemListElement\":[{\"@type\":\"ListItem\",\"position\":1,\"name\":\"Accueil\",\"item\":\"https:\/\/emmanuellehegaret.com\/\"},{\"@type\":\"ListItem\",\"position\":2,\"name\":\"Boutique\",\"item\":\"https:\/\/emmanuellehegaret.com\/boutique\/\"},{\"@type\":\"ListItem\",\"position\":3,\"name\":\"Poufs\"}]},{\"@type\":\"WebSite\",\"@id\":\"https:\/\/emmanuellehegaret.com\/#website\",\"url\":\"https:\/\/emmanuellehegaret.com\/\",\"name\":\"Emmanuelle Hegaret\",\"description\":\"Artisan - Cr\u00e9ateur\",\"publisher\":{\"@id\":\"https:\/\/emmanuellehegaret.com\/#organization\"},\"potentialAction\":[{\"@type\":\"SearchAction\",\"target\":{\"@type\":\"EntryPoint\",\"urlTemplate\":\"https:\/\/emmanuellehegaret.com\/?s={search_term_string}\"},\"query-input\":\"required name=search_term_string\"}],\"inLanguage\":\"en-US\"},{\"@type\":\"Organization\",\"@id\":\"https:\/\/emmanuellehegaret.com\/#organization\",\"name\":\"Emmanuelle Hegaret\",\"url\":\"https:\/\/emmanuellehegaret.com\/\",\"logo\":{\"@type\":\"ImageObject\",\"inLanguage\":\"en-US\",\"@id\":\"https:\/\/emmanuellehegaret.com\/#\/schema\/logo\/image\/\",\"url\":\"https:\/\/emmanuellehegaret.com\/wp-content\/uploads\/2023\/06\/logo-emmanuelle-hegaret@2x.png\",\"contentUrl\":\"https:\/\/emmanuellehegaret.com\/wp-content\/uploads\/2023\/06\/logo-emmanuelle-hegaret@2x.png\",\"width\":706,\"height\":439,\"caption\":\"Emmanuelle Hegaret\"},\"image\":{\"@id\":\"https:\/\/emmanuellehegaret.com\/#\/schema\/logo\/image\/\"}}]}<\/script>\n<!-- \/ Yoast SEO plugin. -->","yoast_head_json":{"title":"Poufs - Emmanuelle Hegaret","robots":{"index":"index","follow":"follow","max-snippet":"max-snippet:-1","max-image-preview":"max-image-preview:large","max-video-preview":"max-video-preview:-1"},"canonical":"https:\/\/emmanuellehegaret.com\/en\/product\/poufs\/","og_locale":"en_US","og_type":"article","og_title":"Poufs - Emmanuelle Hegaret","og_description":"Dimensions  diam\u00e8tre : 35 cm  hauteur : 45 cm  Restaur\u00e9s \u00e0 l\u2019atelier  Exp\u00e9dition dans une caisse en bois sur mesure.","og_url":"https:\/\/emmanuellehegaret.com\/en\/product\/poufs\/","og_site_name":"Emmanuelle Hegaret","article_modified_time":"2025-11-25T11:16:47+00:00","og_image":[{"width":1980,"height":1320,"url":"https:\/\/emmanuellehegaret.com\/wp-content\/uploads\/2023\/07\/poufs-11.jpg","type":"image\/jpeg"}],"twitter_card":"summary_large_image","twitter_misc":{"Est. reading time":"1 minute"},"schema":{"@context":"https:\/\/schema.org","@graph":[{"@type":"WebPage","@id":"https:\/\/emmanuellehegaret.com\/produit\/poufs\/","url":"https:\/\/emmanuellehegaret.com\/produit\/poufs\/","name":"Poufs - Emmanuelle Hegaret","isPartOf":{"@id":"https:\/\/emmanuellehegaret.com\/#website"},"primaryImageOfPage":{"@id":"https:\/\/emmanuellehegaret.com\/produit\/poufs\/#primaryimage"},"image":{"@id":"https:\/\/emmanuellehegaret.com\/produit\/poufs\/#primaryimage"},"thumbnailUrl":"https:\/\/emmanuellehegaret.com\/wp-content\/uploads\/2023\/07\/poufs-11.jpg","datePublished":"2023-07-28T08:32:08+00:00","dateModified":"2025-11-25T11:16:47+00:00","breadcrumb":{"@id":"https:\/\/emmanuellehegaret.com\/produit\/poufs\/#breadcrumb"},"inLanguage":"en-US","potentialAction":[{"@type":"ReadAction","target":["https:\/\/emmanuellehegaret.com\/produit\/poufs\/"]}]},{"@type":"ImageObject","inLanguage":"en-US","@id":"https:\/\/emmanuellehegaret.com\/produit\/poufs\/#primaryimage","url":"https:\/\/emmanuellehegaret.com\/wp-content\/uploads\/2023\/07\/poufs-11.jpg","contentUrl":"https:\/\/emmanuellehegaret.com\/wp-content\/uploads\/2023\/07\/poufs-11.jpg","width":1980,"height":1320},{"@type":"BreadcrumbList","@id":"https:\/\/emmanuellehegaret.com\/produit\/poufs\/#breadcrumb","itemListElement":[{"@type":"ListItem","position":1,"name":"Accueil","item":"https:\/\/emmanuellehegaret.com\/"},{"@type":"ListItem","position":2,"name":"Boutique","item":"https:\/\/emmanuellehegaret.com\/boutique\/"},{"@type":"ListItem","position":3,"name":"Poufs"}]},{"@type":"WebSite","@id":"https:\/\/emmanuellehegaret.com\/#website","url":"https:\/\/emmanuellehegaret.com\/","name":"Emmanuelle Hegaret","description":"Artisan - Cr\u00e9ateur","publisher":{"@id":"https:\/\/emmanuellehegaret.com\/#organization"},"potentialAction":[{"@type":"SearchAction","target":{"@type":"EntryPoint","urlTemplate":"https:\/\/emmanuellehegaret.com\/?s={search_term_string}"},"query-input":"required name=search_term_string"}],"inLanguage":"en-US"},{"@type":"Organization","@id":"https:\/\/emmanuellehegaret.com\/#organization","name":"Emmanuelle Hegaret","url":"https:\/\/emmanuellehegaret.com\/","logo":{"@type":"ImageObject","inLanguage":"en-US","@id":"https:\/\/emmanuellehegaret.com\/#\/schema\/logo\/image\/","url":"https:\/\/emmanuellehegaret.com\/wp-content\/uploads\/2023\/06\/logo-emmanuelle-hegaret@2x.png","contentUrl":"https:\/\/emmanuellehegaret.com\/wp-content\/uploads\/2023\/06\/logo-emmanuelle-hegaret@2x.png","width":706,"height":439,"caption":"Emmanuelle Hegaret"},"image":{"@id":"https:\/\/emmanuellehegaret.com\/#\/schema\/logo\/image\/"}}]}},"_links":{"self":[{"href":"https:\/\/emmanuellehegaret.com\/en\/wp-json\/wp\/v2\/product\/984","targetHints":{"allow":["GET"]}}],"collection":[{"href":"https:\/\/emmanuellehegaret.com\/en\/wp-json\/wp\/v2\/product"}],"about":[{"href":"https:\/\/emmanuellehegaret.com\/en\/wp-json\/wp\/v2\/types\/product"}],"wp:featuredmedia":[{"embeddable":true,"href":"https:\/\/emmanuellehegaret.com\/en\/wp-json\/wp\/v2\/media\/2311"}],"wp:attachment":[{"href":"https:\/\/emmanuellehegaret.com\/en\/wp-json\/wp\/v2\/media?parent=984"}],"wp:term":[{"taxonomy":"product_cat","embeddable":true,"href":"https:\/\/emmanuellehegaret.com\/en\/wp-json\/wp\/v2\/product_cat?post=984"},{"taxonomy":"product_tag","embeddable":true,"href":"https:\/\/emmanuellehegaret.com\/en\/wp-json\/wp\/v2\/product_tag?post=984"}],"curies":[{"name":"wp","href":"https:\/\/api.w.org\/{rel}","templated":true}]}}